{"id":4688,"date":"2021-12-27T11:12:23","date_gmt":"2021-12-27T14:12:23","guid":{"rendered":"https:\/\/bestblogsbrasil.com.br\/v1\/?page_id=4688"},"modified":"2022-06-19T18:02:54","modified_gmt":"2022-06-19T21:02:54","slug":"redes-sociais","status":"publish","type":"page","link":"https:\/\/bestblogsbrasil.com.br\/v1\/redes-sociais\/","title":{"rendered":"Minhas Redes Sociais"},"content":{"rendered":"<h2>Website \/ Blog<\/h2>\n<div>\n<div class=\"gelFWb\">\n<div class=\"U42Ttb\">\n<div class=\"VtUCMe\">\n<div class=\"ENlGKe lnf35d\">\n<div class=\"VIz8vf\">\n<div class=\"IpUGIe\">\n<div class=\"U26fgb mUbCce fKz7Od\" title=\"P\u00fablico\" role=\"button\" aria-label=\"P\u00fablico Editar quem pode ver estas informa\u00e7\u00f5es\">\n<div class=\"U2zlle\">\n<div class=\"gelFWb\">\n<div class=\"IpUGIe\" data-key=\"primaryWebsite\" data-iscardbutton=\"true\" data-disabled=\"false\">\n<div class=\"U26fgb mUbCce fKz7Od\" tabindex=\"0\" title=\"P\u00fablico\" role=\"button\" aria-label=\"P\u00fablico Editar quem pode ver estas informa\u00e7\u00f5es\" aria-disabled=\"false\">\n<div class=\"U2zlle\"><img decoding=\"async\" class=\"MY1d4 alignnone\" src=\"https:\/\/s2.googleusercontent.com\/s2\/favicons?alt=default&amp;domain_url=https%3A%2F%2Fbestblogsbrasil.com.br%2Fv1%2F\" alt=\"\" title=\"\"> &#8211; <a href=\"https:\/\/bestblogsbrasil.com.br\/v1\/\">Best Blogs Brasil<\/a> &#8211; <a href=\"https:\/\/bestblogsbrasil.com.br\/v1\/\" target=\"_blank\" rel=\"noopener\">https:\/\/bestblogsbrasil.com.br\/v1<\/a><\/div>\n<\/div>\n<\/div>\n<\/div>\n<div class=\"gelFWb\">\n<div><\/div>\n<div class=\"mikBsb\">\n<h2>RDA &#8211; Rede de Autoridade<\/h2>\n<div class=\"IpUGIe\" data-key=\"primaryWebsite\" data-iscardbutton=\"true\" data-disabled=\"false\">\n<div class=\"U26fgb mUbCce fKz7Od\" tabindex=\"0\" title=\"P\u00fablico\" role=\"button\" aria-label=\"P\u00fablico Editar quem pode ver estas informa\u00e7\u00f5es\" aria-disabled=\"false\">\n<div class=\"U2zlle\"><img decoding=\"async\" class=\"MY1d4 alignnone\" src=\"https:\/\/s2.googleusercontent.com\/s2\/favicons?alt=default&amp;domain_url=https%3A%2F%2Frededeautoridade.com.br\" alt=\"\" title=\"\"> &#8211; <a href=\"https:\/\/rededeautoridade.com.br\" target=\"_blank\" rel=\"noopener\">Rede de Autoridade<\/a> &#8211; <a href=\"https:\/\/rededeautoridade.com.br\" target=\"_blank\" rel=\"noopener\">https:\/\/rededeautoridade.com.br<\/a><\/div>\n<\/div>\n<\/div>\n<div><\/div>\n<div class=\"gelFWb\">\n<div class=\"IpUGIe\" data-key=\"primaryWebsite\" data-iscardbutton=\"true\" data-disabled=\"false\">\n<div class=\"U26fgb mUbCce fKz7Od\" tabindex=\"0\" title=\"P\u00fablico\" role=\"button\" aria-label=\"P\u00fablico Editar quem pode ver estas informa\u00e7\u00f5es\" aria-disabled=\"false\">\n<div class=\"U2zlle\"><img decoding=\"async\" class=\"MY1d4 alignnone\" src=\"https:\/\/s2.googleusercontent.com\/s2\/favicons?alt=default&amp;domain_url=https%3A%2F%2Fqhd.com.br\" alt=\"\" title=\"\"> &#8211; <a href=\"https:\/\/qhd.com.br\" target=\"_blank\" rel=\"noopener\">QHD News<\/a> &#8211; <a href=\"https:\/\/qhd.com.br\" target=\"_blank\" rel=\"noopener\">https:\/\/qhd.com.br<\/a><\/div>\n<\/div>\n<\/div>\n<div><\/div>\n<\/div>\n<div class=\"gelFWb\">\n<div class=\"IpUGIe\" data-key=\"primaryWebsite\" data-iscardbutton=\"true\" data-disabled=\"false\">\n<div class=\"U26fgb mUbCce fKz7Od\" tabindex=\"0\" title=\"P\u00fablico\" role=\"button\" aria-label=\"P\u00fablico Editar quem pode ver estas informa\u00e7\u00f5es\" aria-disabled=\"false\">\n<div class=\"U2zlle\"><img decoding=\"async\" class=\"MY1d4 alignnone\" src=\"https:\/\/s2.googleusercontent.com\/s2\/favicons?alt=default&amp;domain_url=https%3A%2F%2Fatitude1.com.br\" alt=\"\" title=\"\"> &#8211; <a href=\"https:\/\/atitude1.com.br\" target=\"_blank\" rel=\"noopener\">Atitude #1<\/a> &#8211; <a href=\"https:\/\/atitude1.com.br\" target=\"_blank\" rel=\"noopener\">https:\/\/atitude1.com.br<\/a><\/div>\n<\/div>\n<\/div>\n<\/div>\n<div class=\"gelFWb\">\n<div><\/div>\n<\/div>\n<div class=\"gelFWb\">\n<div class=\"IpUGIe\" data-key=\"primaryWebsite\" data-iscardbutton=\"true\" data-disabled=\"false\">\n<div class=\"U26fgb mUbCce fKz7Od\" tabindex=\"0\" title=\"P\u00fablico\" role=\"button\" aria-label=\"P\u00fablico Editar quem pode ver estas informa\u00e7\u00f5es\" aria-disabled=\"false\">\n<div class=\"U2zlle\"><img decoding=\"async\" class=\"MY1d4 alignnone\" src=\"https:\/\/s2.googleusercontent.com\/s2\/favicons?alt=default&amp;domain_url=https%3A%2F%2Fshowsite.com.br\" alt=\"\" title=\"\"> &#8211; <a href=\"https:\/\/showsite.com.br\" target=\"_blank\" rel=\"noopener\">Show Site<\/a> &#8211; <a href=\"https:\/\/showsite.com.br\" target=\"_blank\" rel=\"noopener\">https:\/\/showsite.com.br<\/a><\/div>\n<\/div>\n<\/div>\n<\/div>\n<div class=\"gelFWb\">\n<div><\/div>\n<\/div>\n<div class=\"gelFWb\">\n<div class=\"IpUGIe\" data-key=\"primaryWebsite\" data-iscardbutton=\"true\" data-disabled=\"false\">\n<div class=\"U26fgb mUbCce fKz7Od\" tabindex=\"0\" title=\"P\u00fablico\" role=\"button\" aria-label=\"P\u00fablico Editar quem pode ver estas informa\u00e7\u00f5es\" aria-disabled=\"false\">\n<div class=\"U2zlle\"><img decoding=\"async\" class=\"MY1d4 alignnone\" src=\"https:\/\/s2.googleusercontent.com\/s2\/favicons?alt=default&amp;domain_url=https%3A%2F%2Fnoisnaweb.com.br\" alt=\"\" title=\"\"> &#8211; <a href=\"https:\/\/noisnaweb.com.br\" target=\"_blank\" rel=\"noopener\">Nois na Web<\/a> &#8211; <a href=\"https:\/\/noisnaweb.com.br\" target=\"_blank\" rel=\"noopener\">https:\/\/noisnaweb.com.br<\/a><\/div>\n<\/div>\n<\/div>\n<\/div>\n<div class=\"gelFWb\">\n<div><\/div>\n<\/div>\n<h2 class=\"mikBsb\">Redes Sociais<\/h2>\n<p><img decoding=\"async\" class=\"MY1d4 alignnone\" src=\"https:\/\/s2.googleusercontent.com\/s2\/favicons?alt=default&amp;domain_url=https%3A%2F%2Ftwitter.com\" alt=\"\" title=\"\"> &#8211; <a href=\"https:\/\/twitter.com\/TOPWebsiteList\" target=\"_blank\" rel=\"noopener\">Twitter &#8211; Best Blogs Brasil (@TOPWebsiteList) <\/a><\/p>\n<p><img decoding=\"async\" class=\"MY1d4 alignnone\" src=\"https:\/\/s2.googleusercontent.com\/s2\/favicons?alt=default&amp;domain_url=https%3A%2F%2Ffacebook.com\" alt=\"\" title=\"\"> &#8211; <a href=\"https:\/\/www.facebook.com\/TOPWebsiteList\" target=\"_blank\" rel=\"noopener\">Facebook &#8211; Best Blogs Brasil &#8211; URL Default<\/a><\/p>\n<\/div>\n<\/div>\n<div class=\"gelFWb\">\n<div class=\"U42Ttb\">\n<div class=\"gLEAY\"><img decoding=\"async\" class=\"MY1d4 alignnone\" title=\"Minhas Redes Sociais - Best Blogs Brasil\" src=\"https:\/\/s2.googleusercontent.com\/s2\/favicons?alt=p&amp;domain_url=https%3A%2F%2Fwww.instagram.com%2Fromerocarvalhotv%2F\" alt=\"favicons?alt=p&amp;domain url=https%3A%2F%2Fwww.instagram.com\" width=\"16\" height=\"16\" \/> \u2013 <a href=\"https:\/\/www.instagram.com\/top.website.list\/\" target=\"_blank\" rel=\"noopener\">Instagram &#8211; Best Blogs Brasil (@top.website.list) \u2022 Fotos e v\u00eddeos <\/a><\/div>\n<div><\/div>\n<\/div>\n<div class=\"U42Ttb\">\n<div class=\"gLEAY\"><img decoding=\"async\" class=\"MY1d4 alignnone\" title=\"Minhas Redes Sociais - Best Blogs Brasil\" src=\"https:\/\/s2.googleusercontent.com\/s2\/favicons?alt=p&amp;domain_url=https%3A%2F%2Fwww.flickr.com%2Fpeople%2Fromerocarvalhotv%2F\" alt=\"favicons?alt=p&amp;domain url=https%3A%2F%2Fwww.flickr.com\" width=\"16\" height=\"16\" \/> \u2013 <a href=\"https:\/\/www.flickr.com\/people\/topwebsitelist\/\" target=\"_blank\" rel=\"noopener\">Flickr &#8211; Best Blogs Brasil &#8211; Peoples &#8211; Sobre<\/a><\/div>\n<\/div>\n<div class=\"U42Ttb\">\n<div class=\"gLEAY\"><\/div>\n<\/div>\n<div class=\"U42Ttb\">\n<div class=\"gLEAY\"><img decoding=\"async\" class=\"MY1d4 alignnone\" title=\"Minhas Redes Sociais - Best Blogs Brasil\" src=\"https:\/\/s2.googleusercontent.com\/s2\/favicons?alt=p&amp;domain_url=https%3A%2F%2Fbr.pinterest.com%2F\" alt=\"favicons?alt=p&amp;domain url=https%3A%2F%2Fbr.pinterest.com\" width=\"16\" height=\"16\" \/> \u2013 <a href=\"https:\/\/br.pinterest.com\/topwebsitelistoficial\/\" target=\"_blank\" rel=\"noopener\">Pinterest &#8211; Best Blogs Brasil<\/a><\/div>\n<div><\/div>\n<\/div>\n<div class=\"U42Ttb\">\n<div class=\"gLEAY\"><img decoding=\"async\" class=\"MY1d4 alignnone\" title=\"Minhas Redes Sociais - Best Blogs Brasil\" src=\"https:\/\/s2.googleusercontent.com\/s2\/favicons?alt=p&amp;domain_url=https%3A%2F%2Fwww.linkedin.com%2F\" alt=\"favicons?alt=p&amp;domain url=https%3A%2F%2Fwww.linkedin - Best Blog Brasil - Os Blogs mais Incr\u00edveis da Web\" \/> \u2013 <a href=\"https:\/\/www.linkedin.com\/in\/topwebsitelist\/\" target=\"_blank\" rel=\"noopener\">LinkedIn &#8211; Best Blogs Brasil<\/a><\/div>\n<div><\/div>\n<\/div>\n<div class=\"U42Ttb\">\n<div class=\"gLEAY\"><img decoding=\"async\" class=\"MY1d4 alignnone\" title=\"Minhas Redes Sociais - Best Blogs Brasil\" src=\"https:\/\/s2.googleusercontent.com\/s2\/favicons?alt=p&amp;domain_url=https%3A%2F%2Fwww.youtube.com%2\" alt=\"favicons?alt=p&amp;domain url=https%3A%2F%2Fwww.youtube - Best Blog Brasil - Os Blogs mais Incr\u00edveis da Web\" \/> \u2013 <a href=\"https:\/\/www.youtube.com\/channel\/UC257Ahbz5DneO6mtx84HOMQ\" target=\"_blank\" rel=\"noopener\">YouTube &#8211; Best Blogs Brasil<\/a><\/div>\n<\/div>\n<h2 class=\"mikBsb\">Perfis<\/h2>\n<div class=\"U42Ttb\"><img decoding=\"async\" class=\"MY1d4 alignnone\" title=\"Minhas Redes Sociais - Best Blogs Brasil\" src=\"https:\/\/s2.googleusercontent.com\/s2\/favicons?alt=p&amp;domain_url=https%3A%2F%2Fpt.gravatar.com%2F\" alt=\"favicons?alt=p&amp;domain url=https%3A%2F%2Fpt.gravatar - Best Blog Brasil - Os Blogs mais Incr\u00edveis da Web\" \/> \u2013 <a href=\"https:\/\/pt.gravatar.com\/topwebsitelistoficial\" target=\"_blank\" rel=\"noopener\">Gravatar &#8211; Best Blogs Brasil<\/a><\/div>\n<\/div>\n<div class=\"gelFWb\">\n<h2 class=\"mikBsb\"><\/h2>\n<div class=\"gelFWb\">\n<div class=\"IpUGIe\" data-key=\"primaryWebsite\" data-iscardbutton=\"true\" data-disabled=\"false\">\n<div class=\"U26fgb mUbCce fKz7Od\" tabindex=\"0\" title=\"P\u00fablico\" role=\"button\" aria-label=\"P\u00fablico Editar quem pode ver estas informa\u00e7\u00f5es\" aria-disabled=\"false\">\n<div class=\"U2zlle\"><\/div>\n<\/div>\n<\/div>\n<\/div>\n<div class=\"gelFWb\">\n<div><\/div>\n<\/div>\n<\/div>\n<\/div>\n<\/div>\n<\/div>\n<\/div>\n<\/div>\n<\/div>\n<\/div>\n<\/div>\n<\/div>\n","protected":false},"excerpt":{"rendered":"<p>Best Blogs Brasil &#8211; Blogs incr\u00edveis da Web.Os Melhores Blogs do Brasil escolhidos por Voc\u00ea<\/p>\n","protected":false},"author":7,"featured_media":6483,"parent":0,"menu_order":0,"comment_status":"closed","ping_status":"closed","template":"","meta":{"ocean_post_layout":"","ocean_both_sidebars_style":"","ocean_both_sidebars_content_width":0,"ocean_both_sidebars_sidebars_width":0,"ocean_sidebar":"0","ocean_second_sidebar":"0","ocean_disable_margins":"enable","ocean_add_body_class":"","ocean_shortcode_before_top_bar":"","ocean_shortcode_after_top_bar":"","ocean_shortcode_before_header":"","ocean_shortcode_after_header":"","ocean_has_shortcode":"","ocean_shortcode_after_title":"","ocean_shortcode_before_footer_widgets":"","ocean_shortcode_after_footer_widgets":"","ocean_shortcode_before_footer_bottom":"","ocean_shortcode_after_footer_bottom":"","ocean_display_top_bar":"default","ocean_display_header":"default","ocean_header_style":"","ocean_center_header_left_menu":"0","ocean_custom_header_template":"0","ocean_custom_logo":0,"ocean_custom_retina_logo":0,"ocean_custom_logo_max_width":0,"ocean_custom_logo_tablet_max_width":0,"ocean_custom_logo_mobile_max_width":0,"ocean_custom_logo_max_height":0,"ocean_custom_logo_tablet_max_height":0,"ocean_custom_logo_mobile_max_height":0,"ocean_header_custom_menu":"0","ocean_menu_typo_font_family":"0","ocean_menu_typo_font_subset":"","ocean_menu_typo_font_size":0,"ocean_menu_typo_font_size_tablet":0,"ocean_menu_typo_font_size_mobile":0,"ocean_menu_typo_font_size_unit":"px","ocean_menu_typo_font_weight":"","ocean_menu_typo_font_weight_tablet":"","ocean_menu_typo_font_weight_mobile":"","ocean_menu_typo_transform":"","ocean_menu_typo_transform_tablet":"","ocean_menu_typo_transform_mobile":"","ocean_menu_typo_line_height":0,"ocean_menu_typo_line_height_tablet":0,"ocean_menu_typo_line_height_mobile":0,"ocean_menu_typo_line_height_unit":"","ocean_menu_typo_spacing":0,"ocean_menu_typo_spacing_tablet":0,"ocean_menu_typo_spacing_mobile":0,"ocean_menu_typo_spacing_unit":"","ocean_menu_link_color":"","ocean_menu_link_color_hover":"","ocean_menu_link_color_active":"","ocean_menu_link_background":"","ocean_menu_link_hover_background":"","ocean_menu_link_active_background":"","ocean_menu_social_links_bg":"","ocean_menu_social_hover_links_bg":"","ocean_menu_social_links_color":"","ocean_menu_social_hover_links_color":"","ocean_disable_title":"default","ocean_disable_heading":"default","ocean_post_title":"","ocean_post_subheading":"","ocean_post_title_style":"","ocean_post_title_background_color":"","ocean_post_title_background":0,"ocean_post_title_bg_image_position":"","ocean_post_title_bg_image_attachment":"","ocean_post_title_bg_image_repeat":"","ocean_post_title_bg_image_size":"","ocean_post_title_height":0,"ocean_post_title_bg_overlay":0.5,"ocean_post_title_bg_overlay_color":"","ocean_disable_breadcrumbs":"default","ocean_breadcrumbs_color":"","ocean_breadcrumbs_separator_color":"","ocean_breadcrumbs_links_color":"","ocean_breadcrumbs_links_hover_color":"","ocean_display_footer_widgets":"default","ocean_display_footer_bottom":"default","ocean_custom_footer_template":"0","footnotes":"","_links_to":"","_links_to_target":""},"class_list":["post-4688","page","type-page","status-publish","has-post-thumbnail","hentry","entry","has-media"],"_links":{"self":[{"href":"https:\/\/bestblogsbrasil.com.br\/v1\/wp-json\/wp\/v2\/pages\/4688","targetHints":{"allow":["GET"]}}],"collection":[{"href":"https:\/\/bestblogsbrasil.com.br\/v1\/wp-json\/wp\/v2\/pages"}],"about":[{"href":"https:\/\/bestblogsbrasil.com.br\/v1\/wp-json\/wp\/v2\/types\/page"}],"author":[{"embeddable":true,"href":"https:\/\/bestblogsbrasil.com.br\/v1\/wp-json\/wp\/v2\/users\/7"}],"replies":[{"embeddable":true,"href":"https:\/\/bestblogsbrasil.com.br\/v1\/wp-json\/wp\/v2\/comments?post=4688"}],"version-history":[{"count":0,"href":"https:\/\/bestblogsbrasil.com.br\/v1\/wp-json\/wp\/v2\/pages\/4688\/revisions"}],"wp:featuredmedia":[{"embeddable":true,"href":"https:\/\/bestblogsbrasil.com.br\/v1\/wp-json\/wp\/v2\/media\/6483"}],"wp:attachment":[{"href":"https:\/\/bestblogsbrasil.com.br\/v1\/wp-json\/wp\/v2\/media?parent=4688"}],"curies":[{"name":"wp","href":"https:\/\/api.w.org\/{rel}","templated":true}]}}